{"id":755,"date":"2018-07-26T10:18:11","date_gmt":"2018-07-26T08:18:11","guid":{"rendered":"https:\/\/brauhaus3.de\/?page_id=755"},"modified":"2019-10-16T10:59:26","modified_gmt":"2019-10-16T08:59:26","slug":"about-us","status":"publish","type":"page","link":"https:\/\/brauhaus3.de\/en\/about-us\/","title":{"rendered":"About us"},"content":{"rendered":"<div id=\"pl-755\"  class=\"panel-layout\" ><div id=\"pg-755-0\"  class=\"panel-grid panel-no-style\" ><div id=\"pgc-755-0-0\"  class=\"panel-grid-cell\" ><div id=\"panel-755-0-0-0\" class=\"so-panel widget widget_sow-editor panel-first-child panel-last-child\" data-index=\"0\" ><div\n\t\t\t\n\t\t\tclass=\"so-widget-sow-editor so-widget-sow-editor-base\"\n\t\t\t\n\t\t>\n<div class=\"siteorigin-widget-tinymce textwidget\">\n\t<p><strong>Verantwortlich f\u00fcr den Inhalt:<\/strong><\/p>\n<p><strong>Silvia Schuhmann<\/strong><br \/>\nZum Ruhstein 7<br \/>\n96110 Sche\u00dflitz<br \/>\nTel.: 09542 7585<br \/>\nFax: 09542 772419<br \/>\nE-mail: <a href=\"mailto:info@fewo-hassberge.de\">info@fewo-hassberge.de<\/a><\/p>\n<p>Alle Informationen und Erkl\u00e4rungen dieser Internetseiten sind unverbindlich. Silvia Schuhmann \u00fcbernimmt f\u00fcr die Richtigkeit und Vollst\u00e4ndigkeit der Inhalte keine Gew\u00e4hr. Es werden keine Garantie \u00fcbernommen und keine Zusicherung von Produkteigenschaften gemacht. Aus den Inhalten der Internetseiten ergeben sich keine Rechtsanspr\u00fcche. Fehler im Inhalt werden bei Kenntnis dar\u00fcber unverz\u00fcglich korrigiert. Die Inhalte der Internetseiten k\u00f6nnen durch zeitverz\u00f6gerte Aktualisierung nicht permanent aktuell sein. Bitte fragen Sie uns daher zu dem Stand, technischen Details und Lieferbarkeit der Produkte und Dienstleistungen. Links auf andere Internetseiten werden nicht permanent kontrolliert. Somit \u00fcbernehmen wir keine Verantwortung f\u00fcr den Inhalt verlinkter Seiten.<\/p>\n<p><strong>Urheberrechte und sonstige Sonderschutzrechte<\/strong><br \/>\nDer Inhalt dieser Internetseiten ist urheberrechtlich gesch\u00fctzt. Es darf eine Kopie der Informationen der Internetseiten auf einem einzigen Computer f\u00fcr den nicht-kommerziellen und pers\u00f6nlichen internen Gebrauch gespeichert werden. Grafiken, Texte, Logos, Bilder usw. d\u00fcrfen nur nach schriftlicher Genehmigung durch Silvia Schuhmann heruntergeladen, vervielf\u00e4ltigt, kopiert, ge\u00e4ndert, ver\u00f6ffentlicht, versendet, \u00fcbertragen oder in sonstiger Form genutzt werden. Bei genannten Produkt- und Firmennamen kann es sich um eingetragene Warenzeichen oder Marken handeln. Die unberechtigte Verwendung kann zu Schadensersatzanspr\u00fcchen und Unterlassungsanspr\u00fcchen f\u00fchren.<\/p>\n<p><strong>Sicherheit<\/strong><br \/>\nSilvia Schuhmann speichert Ihre Daten auf besonders gesch\u00fctzten Servern in Deutschland. Der Zugriff darauf ist nur wenigen, von Silvia Schuhmann befugten Personen m\u00f6glich, die mit der technischen, kaufm\u00e4nnischen oder redaktionellen Betreuung dieser Server befasst sind.<\/p>\n<p><strong>Recht auf Widerruf<\/strong><br \/>\nWenn Sie Silvia Schuhmann auffordern, Ihre personenbezogenen Daten nicht f\u00fcr die weitere Kontaktaufnahme zu verwenden und\/oder zu l\u00f6schen, so wird entsprechend verfahren. Daten, die f\u00fcr eine Auftragsabwicklung bzw. zu kaufm\u00e4nnischen Zwecken zwingend erforderlich sind, sind von einer K\u00fcndigung beziehungsweise von einer L\u00f6schung nicht ber\u00fchrt.<br \/>\nBitte haben Sie Verst\u00e4ndnis daf\u00fcr, dass im Falle des Widerrufs der personalisierte Service nicht mehr erbracht werden kann, da er auf der Verwendung der Kundendaten aufbaut.<\/p>\n<p><strong>Links zu anderen Websites<\/strong><br \/>\nDie Webseiten von Silvia Schuhmann enthalten gegebenenfalls Links zu anderen Websites. Silvia Schuhmann hat keinen Einfluss auf den redaktionellen Inhalt fremder Webseiten und darauf, dass deren Betreiber die Datenschutzbestimmungen einhalten.<\/p>\n<p><strong>Bildnachweise<\/strong><br \/>\nSilvia Schuhmann, GRAN FONDO<\/p>\n<p><strong>Hinweis zur Online-Streitbeilegung gem\u00e4\u00df Art. 14 Abs. 1 ODR-VO:<\/strong><br \/>\nDie Europ\u00e4ische Kommission stellt eine Plattform zur Online-Streitbeilegung (OS) bereit, die Sie unter <a href=\"https:\/\/ec.europa.eu\/consumers\/odr\/\" target=\"_blank\" rel=\"noopener\">https:\/\/ec.europa.eu\/consumers\/odr\/<\/a> finden.<\/p>\n<\/div>\n<\/div><\/div><\/div><\/div><\/div>","protected":false},"excerpt":{"rendered":"<p>Verantwortlich f\u00fcr den Inhalt: Silvia Schuhmann Zum Ruhstein 7 96110 Sche\u00dflitz Tel.: 09542 7585 Fax: 09542 772419 E-mail: info@fewo-hassberge.de Alle Informationen und Erkl\u00e4rungen dieser Internetseiten sind unverbindlich. Silvia Schuhmann \u00fcbernimmt f\u00fcr die Richtigkeit und Vollst\u00e4ndigkeit der Inhalte keine Gew\u00e4hr. Es<\/p>\n","protected":false},"author":1,"featured_media":0,"parent":0,"menu_order":0,"comment_status":"closed","ping_status":"closed","template":"","meta":{"ngg_post_thumbnail":0,"footnotes":""},"class_list":["post-755","page","type-page","status-publish","hentry"],"_links":{"self":[{"href":"https:\/\/brauhaus3.de\/en\/wp-json\/wp\/v2\/pages\/755","targetHints":{"allow":["GET"]}}],"collection":[{"href":"https:\/\/brauhaus3.de\/en\/wp-json\/wp\/v2\/pages"}],"about":[{"href":"https:\/\/brauhaus3.de\/en\/wp-json\/wp\/v2\/types\/page"}],"author":[{"embeddable":true,"href":"https:\/\/brauhaus3.de\/en\/wp-json\/wp\/v2\/users\/1"}],"replies":[{"embeddable":true,"href":"https:\/\/brauhaus3.de\/en\/wp-json\/wp\/v2\/comments?post=755"}],"version-history":[{"count":4,"href":"https:\/\/brauhaus3.de\/en\/wp-json\/wp\/v2\/pages\/755\/revisions"}],"predecessor-version":[{"id":870,"href":"https:\/\/brauhaus3.de\/en\/wp-json\/wp\/v2\/pages\/755\/revisions\/870"}],"wp:attachment":[{"href":"https:\/\/brauhaus3.de\/en\/wp-json\/wp\/v2\/media?parent=755"}],"curies":[{"name":"wp","href":"https:\/\/api.w.org\/{rel}","templated":true}]}}