{"id":707,"date":"2018-07-26T07:51:56","date_gmt":"2018-07-26T05:51:56","guid":{"rendered":"https:\/\/brauhaus3.de\/?page_id=707"},"modified":"2025-07-08T16:10:57","modified_gmt":"2025-07-08T14:10:57","slug":"guided-classic-car-tours","status":"publish","type":"page","link":"https:\/\/brauhaus3.de\/en\/guided-classic-car-tours\/","title":{"rendered":"Guided classic car tours"},"content":{"rendered":"<div id=\"pl-707\"  class=\"panel-layout\" ><div id=\"pg-707-0\"  class=\"panel-grid panel-no-style\" ><div id=\"pgc-707-0-0\"  class=\"panel-grid-cell\" ><div id=\"panel-707-0-0-0\" class=\"so-panel widget widget_sow-editor panel-first-child panel-last-child\" data-index=\"0\" ><div\n\t\t\t\n\t\t\tclass=\"so-widget-sow-editor so-widget-sow-editor-base\"\n\t\t\t\n\t\t>\n<div class=\"siteorigin-widget-tinymce textwidget\">\n\t<p>Mal in einem Lotus Elan aus den 60ern oder einem noch \u00e4lteren Westfield mitfahren, sich den Fahrtwind um die Nase pusten lassen\u2026 oder das eigene Classic- oder Sportwagen-Sch\u00e4tzchen mitbringen und sich von technisch fachkundiger Begleitung durch die fr\u00e4nkisch-kurvig-h\u00fcgelige Landschaft f\u00fchren lassen.<\/p>\n<p>Durchf\u00fchrung nur f\u00fcr Hausg\u00e4ste auf Anfrage und nur bei trockenem Wetter!<\/p>\n<\/div>\n<\/div><\/div><\/div><div id=\"pgc-707-0-1\"  class=\"panel-grid-cell\" ><div id=\"panel-707-0-1-0\" class=\"so-panel widget widget_sow-image panel-first-child panel-last-child\" data-index=\"1\" ><div\n\t\t\t\n\t\t\tclass=\"so-widget-sow-image so-widget-sow-image-default-c67d20f9f743-707\"\n\t\t\t\n\t\t>\n<div class=\"sow-image-container\">\n\t\t<img \n\tsrc=\"https:\/\/brauhaus3.de\/wp-content\/uploads\/Elan.jpg\" width=\"400\" height=\"249\" srcset=\"https:\/\/brauhaus3.de\/wp-content\/uploads\/Elan.jpg 400w, https:\/\/brauhaus3.de\/wp-content\/uploads\/Elan-300x187.jpg 300w\" sizes=\"(max-width: 400px) 100vw, 400px\" alt=\"\" \t\tclass=\"so-widget-image\"\/>\n\t<\/div>\n\n<\/div><\/div><\/div><\/div><\/div>","protected":false},"excerpt":{"rendered":"<p>Mal in einem Lotus Elan aus den 60ern oder einem noch \u00e4lteren Westfield mitfahren, sich den Fahrtwind um die Nase pusten lassen\u2026 oder das eigene Classic- oder Sportwagen-Sch\u00e4tzchen mitbringen und sich von technisch fachkundiger Begleitung durch die fr\u00e4nkisch-kurvig-h\u00fcgelige Landschaft f\u00fchren<\/p>\n","protected":false},"author":1,"featured_media":0,"parent":0,"menu_order":0,"comment_status":"closed","ping_status":"closed","template":"","meta":{"ngg_post_thumbnail":0,"footnotes":""},"class_list":["post-707","page","type-page","status-publish","hentry"],"_links":{"self":[{"href":"https:\/\/brauhaus3.de\/en\/wp-json\/wp\/v2\/pages\/707","targetHints":{"allow":["GET"]}}],"collection":[{"href":"https:\/\/brauhaus3.de\/en\/wp-json\/wp\/v2\/pages"}],"about":[{"href":"https:\/\/brauhaus3.de\/en\/wp-json\/wp\/v2\/types\/page"}],"author":[{"embeddable":true,"href":"https:\/\/brauhaus3.de\/en\/wp-json\/wp\/v2\/users\/1"}],"replies":[{"embeddable":true,"href":"https:\/\/brauhaus3.de\/en\/wp-json\/wp\/v2\/comments?post=707"}],"version-history":[{"count":11,"href":"https:\/\/brauhaus3.de\/en\/wp-json\/wp\/v2\/pages\/707\/revisions"}],"predecessor-version":[{"id":1455,"href":"https:\/\/brauhaus3.de\/en\/wp-json\/wp\/v2\/pages\/707\/revisions\/1455"}],"wp:attachment":[{"href":"https:\/\/brauhaus3.de\/en\/wp-json\/wp\/v2\/media?parent=707"}],"curies":[{"name":"wp","href":"https:\/\/api.w.org\/{rel}","templated":true}]}}