{"id":695,"date":"2018-05-30T14:03:20","date_gmt":"2018-05-30T12:03:20","guid":{"rendered":"https:\/\/brauhaus3.de\/?page_id=695"},"modified":"2025-07-08T16:03:07","modified_gmt":"2025-07-08T14:03:07","slug":"stoehrs-bierart-brewing-course","status":"publish","type":"page","link":"https:\/\/brauhaus3.de\/en\/stoehrs-bierart-brewing-course\/","title":{"rendered":"&#8220;St\u00f6hrs Bierart&#8221; brewing course"},"content":{"rendered":"<div id=\"pl-695\"  class=\"panel-layout\" ><div id=\"pg-695-0\"  class=\"panel-grid panel-no-style\" ><div id=\"pgc-695-0-0\"  class=\"panel-grid-cell\" ><div id=\"panel-695-0-0-0\" class=\"so-panel widget widget_sow-editor panel-first-child panel-last-child\" data-index=\"0\" ><div\n\t\t\t\n\t\t\tclass=\"so-widget-sow-editor so-widget-sow-editor-base\"\n\t\t\t\n\t\t>\n<div class=\"siteorigin-widget-tinymce textwidget\">\n\t<p>Verbringe ein Wochenende, das die Kunst des Bierbrauens mit luxuri\u00f6sem Komfort vereint. Erlebe tags\u00fcber die faszinierende Welt des Brauens in einem spannenden Seminar, bei dem du nicht nur lernst, wie du dein eigenes Bier kreieren kannst, sondern auch Einblicke in die Geschichte und Wissenschaft des Bierbrauens erh\u00e4ltst. Braumeister Jonas St\u00f6hr weiht dich ein in die Geheimnisse des traditionellen und modernen Bierbrauens, in seiner eigenen Hausbrauerei in Kirchlauter, f\u00fcr Gruppen von 4 bis 8 Personen:<\/p>\n<p>Basis Kurs: 6-7 st\u00fcndiger Braukurs mit theoretischer und praktischer Unterweisung, Erinnerungs-Urkunde, 2 Flaschen selbstgebrautes Bier zum mitnehmen, alkoholfreie Getr\u00e4nke inklusive, ab 60 EUR\/pro Person<\/p>\n<p>Premium Kurs: 6-7 st\u00fcndiger Braukurs mit theoretischer und praktischer Unterweisung, Erinnerungs-Urkunde, 2 Flaschen selbstgebrautes Bier zum mitnehmen, Biertasting, fr\u00e4nkische Brotzeit, Bier und alkoholfreie Getr\u00e4nke inklusive, ab 80 EUR\/pro Person<\/p>\n<p>Deluxe Kurs: Wei\u00dfwurstfr\u00fchst\u00fcck, 6-7 st\u00fcndiger Braukurs mit theoretischer und praktischer Unterweisung, Biertasting, Bio-Burger auf Grillplatte vom Rind oder Wild vom Biohof Reich, Erinnerungs-Urkunde, 2 Flaschen selbstgebrautes Bier zum mitnehmen, Bier und alkoholfreie Getr\u00e4nke inklusive, ab 100 EUR\/pro Person<\/p>\n<p>+ \u00dcbernachtung im Brauhaus je nach Verf\u00fcgbarkeit, siehe Preise\/Buchen&nbsp;&nbsp;<\/p>\n<\/div>\n<\/div><\/div><\/div><div id=\"pgc-695-0-1\"  class=\"panel-grid-cell\" ><div id=\"panel-695-0-1-0\" class=\"so-panel widget widget_sow-image panel-first-child panel-last-child\" data-index=\"1\" ><div\n\t\t\t\n\t\t\tclass=\"so-widget-sow-image so-widget-sow-image-default-c67d20f9f743-695\"\n\t\t\t\n\t\t>\n<div class=\"sow-image-container\">\n\t\t<img \n\tsrc=\"https:\/\/brauhaus3.de\/wp-content\/uploads\/StoehrBier.jpg\" width=\"300\" height=\"429\" srcset=\"https:\/\/brauhaus3.de\/wp-content\/uploads\/StoehrBier.jpg 300w, https:\/\/brauhaus3.de\/wp-content\/uploads\/StoehrBier-210x300.jpg 210w\" sizes=\"(max-width: 300px) 100vw, 300px\" alt=\"\" \t\tclass=\"so-widget-image\"\/>\n\t<\/div>\n\n<\/div><\/div><\/div><\/div><div id=\"pg-695-1\"  class=\"panel-grid panel-no-style\" ><div id=\"pgc-695-1-0\"  class=\"panel-grid-cell\" ><div id=\"panel-695-1-0-0\" class=\"so-panel widget widget_sow-editor panel-first-child panel-last-child\" data-index=\"2\" ><div\n\t\t\t\n\t\t\tclass=\"so-widget-sow-editor so-widget-sow-editor-base\"\n\t\t\t\n\t\t>\n<div class=\"siteorigin-widget-tinymce textwidget\">\n\t<p>N\u00e4here Infos, Wunschtermin anfragen und Buchung bei <a href=\"https:\/\/www.facebook.com\/StoehrsBierArt\" target=\"_blank\" rel=\"noopener\">https:\/\/www.facebook.com\/StoehrsBierArt<\/a> und (whatsapp) 0151 28979849<\/p>\n<p>Shuttle oder Spaziergang zwischen K\u00f6slau und Kirchlauter (ca. 4 km) kann organisiert werden<\/p>\n<\/div>\n<\/div><\/div><\/div><\/div><\/div>","protected":false},"excerpt":{"rendered":"<p>Verbringe ein Wochenende, das die Kunst des Bierbrauens mit luxuri\u00f6sem Komfort vereint. Erlebe tags\u00fcber die faszinierende Welt des Brauens in einem spannenden Seminar, bei dem du nicht nur lernst, wie du dein eigenes Bier kreieren kannst, sondern auch Einblicke in<\/p>\n","protected":false},"author":1,"featured_media":0,"parent":0,"menu_order":0,"comment_status":"closed","ping_status":"closed","template":"","meta":{"ngg_post_thumbnail":0,"footnotes":""},"class_list":["post-695","page","type-page","status-publish","hentry"],"_links":{"self":[{"href":"https:\/\/brauhaus3.de\/en\/wp-json\/wp\/v2\/pages\/695","targetHints":{"allow":["GET"]}}],"collection":[{"href":"https:\/\/brauhaus3.de\/en\/wp-json\/wp\/v2\/pages"}],"about":[{"href":"https:\/\/brauhaus3.de\/en\/wp-json\/wp\/v2\/types\/page"}],"author":[{"embeddable":true,"href":"https:\/\/brauhaus3.de\/en\/wp-json\/wp\/v2\/users\/1"}],"replies":[{"embeddable":true,"href":"https:\/\/brauhaus3.de\/en\/wp-json\/wp\/v2\/comments?post=695"}],"version-history":[{"count":15,"href":"https:\/\/brauhaus3.de\/en\/wp-json\/wp\/v2\/pages\/695\/revisions"}],"predecessor-version":[{"id":1453,"href":"https:\/\/brauhaus3.de\/en\/wp-json\/wp\/v2\/pages\/695\/revisions\/1453"}],"wp:attachment":[{"href":"https:\/\/brauhaus3.de\/en\/wp-json\/wp\/v2\/media?parent=695"}],"curies":[{"name":"wp","href":"https:\/\/api.w.org\/{rel}","templated":true}]}}