{"id":1442,"date":"2025-07-01T17:52:56","date_gmt":"2025-07-01T15:52:56","guid":{"rendered":"https:\/\/brauhaus3.de\/?page_id=1442"},"modified":"2025-07-08T16:14:40","modified_gmt":"2025-07-08T14:14:40","slug":"in-love-engaged-say-yes-2","status":"publish","type":"page","link":"https:\/\/brauhaus3.de\/en\/in-love-engaged-say-yes-2\/","title":{"rendered":"In love &#8211; engaged &#8211; say yes!"},"content":{"rendered":"<div id=\"pl-1442\"  class=\"panel-layout\" ><div id=\"pg-1442-0\"  class=\"panel-grid panel-no-style\" ><div id=\"pgc-1442-0-0\"  class=\"panel-grid-cell\" ><div id=\"panel-1442-0-0-0\" class=\"so-panel widget widget_sow-editor panel-first-child panel-last-child\" data-index=\"0\" ><div\n\t\t\t\n\t\t\tclass=\"so-widget-sow-editor so-widget-sow-editor-base\"\n\t\t\t\n\t\t>\n<div class=\"siteorigin-widget-tinymce textwidget\">\n\t<p>Ein romantisches Arrangement f\u00fcr den \u00fcberraschenden Heiratsantrag. Wir sind dein Verb\u00fcndeter und helfen dir klammheimlich:<br \/>\nDu entf\u00fchrst deinen herzallerliebsten Menschen zum Essen oder zu einem Spaziergang und in der Zwischenzeit schaffen wir eine ganz besonders romantische Atmosph\u00e4re im Haus: Mit einem \u00fcppigen Strau\u00df roter Rosen, Frankensekt im K\u00fchler, handgemachten Pralinen zum Naschen, nur die Frage nach dem \"ja ich will\", die musst du dann selber stellen. Nur f\u00fcr Hausg\u00e4ste, Preis je nach gew\u00fcnschtem Aufwand.<\/p>\n<\/div>\n<\/div><\/div><\/div><div id=\"pgc-1442-0-1\"  class=\"panel-grid-cell\" ><div id=\"panel-1442-0-1-0\" class=\"so-panel widget widget_sow-image panel-first-child panel-last-child\" data-index=\"1\" ><div\n\t\t\t\n\t\t\tclass=\"so-widget-sow-image so-widget-sow-image-default-8b5b6f678277-1442\"\n\t\t\t\n\t\t>\n<div class=\"sow-image-container\">\n\t\t<img \n\tsrc=\"https:\/\/brauhaus3.de\/wp-content\/uploads\/1501Heiratsantrag.jpg\" width=\"448\" height=\"336\" srcset=\"https:\/\/brauhaus3.de\/wp-content\/uploads\/1501Heiratsantrag.jpg 448w, https:\/\/brauhaus3.de\/wp-content\/uploads\/1501Heiratsantrag-300x225.jpg 300w\" sizes=\"(max-width: 448px) 100vw, 448px\" alt=\"\" \t\tclass=\"so-widget-image\"\/>\n\t<\/div>\n\n<\/div><\/div><\/div><\/div><\/div>","protected":false},"excerpt":{"rendered":"<p>Ein romantisches Arrangement f\u00fcr den \u00fcberraschenden Heiratsantrag. Wir sind dein Verb\u00fcndeter und helfen dir klammheimlich: Du entf\u00fchrst deinen herzallerliebsten Menschen zum Essen oder zu einem Spaziergang und in der Zwischenzeit schaffen wir eine ganz besonders romantische Atmosph\u00e4re im Haus: Mit<\/p>\n","protected":false},"author":1,"featured_media":0,"parent":0,"menu_order":0,"comment_status":"closed","ping_status":"closed","template":"","meta":{"ngg_post_thumbnail":0,"footnotes":""},"class_list":["post-1442","page","type-page","status-publish","hentry"],"_links":{"self":[{"href":"https:\/\/brauhaus3.de\/en\/wp-json\/wp\/v2\/pages\/1442","targetHints":{"allow":["GET"]}}],"collection":[{"href":"https:\/\/brauhaus3.de\/en\/wp-json\/wp\/v2\/pages"}],"about":[{"href":"https:\/\/brauhaus3.de\/en\/wp-json\/wp\/v2\/types\/page"}],"author":[{"embeddable":true,"href":"https:\/\/brauhaus3.de\/en\/wp-json\/wp\/v2\/users\/1"}],"replies":[{"embeddable":true,"href":"https:\/\/brauhaus3.de\/en\/wp-json\/wp\/v2\/comments?post=1442"}],"version-history":[{"count":2,"href":"https:\/\/brauhaus3.de\/en\/wp-json\/wp\/v2\/pages\/1442\/revisions"}],"predecessor-version":[{"id":1457,"href":"https:\/\/brauhaus3.de\/en\/wp-json\/wp\/v2\/pages\/1442\/revisions\/1457"}],"wp:attachment":[{"href":"https:\/\/brauhaus3.de\/en\/wp-json\/wp\/v2\/media?parent=1442"}],"curies":[{"name":"wp","href":"https:\/\/api.w.org\/{rel}","templated":true}]}}