{"id":1197,"date":"2022-05-13T07:46:17","date_gmt":"2022-05-13T05:46:17","guid":{"rendered":"https:\/\/brauhaus3.de\/?page_id=1197"},"modified":"2022-12-07T12:34:01","modified_gmt":"2022-12-07T11:34:01","slug":"sustainability","status":"publish","type":"page","link":"https:\/\/brauhaus3.de\/en\/sustainability\/","title":{"rendered":"Sustainability"},"content":{"rendered":"<div id=\"pl-1197\"  class=\"panel-layout\" ><div id=\"pg-1197-0\"  class=\"panel-grid panel-no-style\" ><div id=\"pgc-1197-0-0\"  class=\"panel-grid-cell\" ><div id=\"panel-1197-0-0-0\" class=\"so-panel widget widget_sow-image panel-first-child panel-last-child\" data-index=\"0\" ><div\n\t\t\t\n\t\t\tclass=\"so-widget-sow-image so-widget-sow-image-default-4e6925654b7a-1197\"\n\t\t\t\n\t\t>\n<div class=\"sow-image-container\">\n\t\t<img \n\tsrc=\"https:\/\/brauhaus3.de\/wp-content\/uploads\/Schuhmanns-1.jpg\" width=\"300\" height=\"180\" sizes=\"(max-width: 300px) 100vw, 300px\" title=\"Deine Gastgeber - Silvia und Thomas Schuhmann\" alt=\"Deine Gastgeber - Silvia und Thomas Schuhmann\" \t\tclass=\"so-widget-image\"\/>\n\t<\/div>\n\n<\/div><\/div><\/div><div id=\"pgc-1197-0-1\"  class=\"panel-grid-cell\" ><div id=\"panel-1197-0-1-0\" class=\"so-panel widget widget_sow-editor panel-first-child panel-last-child\" data-index=\"1\" ><div\n\t\t\t\n\t\t\tclass=\"so-widget-sow-editor so-widget-sow-editor-base\"\n\t\t\t\n\t\t>\n<div class=\"siteorigin-widget-tinymce textwidget\">\n\t<p>Das bin ich, Deine Gastgeberin Silvia vom UFO47 und Brauhaus 3, mit meinem Mann Thomas.<br \/>\nWir m\u00f6chten Dir als Gast die M\u00f6glichkeit bieten, mit gutem Gewissen in unseren Ferienh\u00e4usern zu verweilen und Deine kostbare Freizeit mit maximalem Komfort bei minimaler Umweltbelastung zu genie\u00dfen.<br \/>\nWas tun wir also, um Dir nachhaltigen und trotzdem luxuri\u00f6sen Urlaub zu bieten?<\/p>\n<ul>\n<\/ul>\n<\/div>\n<\/div><\/div><\/div><\/div><div id=\"pg-1197-1\"  class=\"panel-grid panel-has-style\" ><div class=\"panel-row-style panel-row-style-for-1197-1\" ><div id=\"pgc-1197-1-0\"  class=\"panel-grid-cell\" ><div id=\"panel-1197-1-0-0\" class=\"so-panel widget widget_sow-editor panel-first-child panel-last-child\" data-index=\"2\" ><div\n\t\t\t\n\t\t\tclass=\"so-widget-sow-editor so-widget-sow-editor-base\"\n\t\t\t\n\t\t>\n<div class=\"siteorigin-widget-tinymce textwidget\">\n\t<ul>\n<li><strong>Made in Germany<\/strong>, f\u00fcr uns als Schreinerfamilie eine Lebenseinstellung. Die M\u00f6bel sind \u2013 wo immer m\u00f6glich - aus heimischen H\u00f6lzern und Naturmaterialien von uns selbst entworfen und hergestellt. Kunststoffe versuchen wir so gut es geht zu vermeiden. Sogar der \u201eMuggnbatscher\u201c (Fliegenklatsche) ist hier meist aus Holz und Leder statt Plastik. Auch die allgemeine Ausstattung der Wohnungen ist immer m\u00f6glichst aus regionaler oder deutscher Produktion mit hohem Qualit\u00e4tsanspruch und langer Haltbarkeit.<\/li>\n<li><strong>Ja, es gibt Klimaanlagen in allen drei Wohnungen!<\/strong><br \/>\nEs klingt wie ein Widerspruch, ist es aber nicht. Denn zu jenen Zeiten, in denen die Klimaanlage gebraucht wird, haben wir ganz viel fr\u00e4nkische Sonne und\u2026<\/li>\n<li><strong>unsere Photovoltaikanlagen<\/strong> liefern dann mehr als genug Strom direkt daf\u00fcr! Wir produzieren und speichern hier rund ums Jahr inzwischen fast doppelt so viel Strom wie wir selbst verbrauchen.<\/li>\n<li><strong>Solarthermie<\/strong> macht auch unser Wasser mit Sonnenenergie warm<\/li>\n<li><strong>Lades\u00e4ulen f\u00fcr Elektrofahrzeuge<\/strong><br \/>\nUnsere Wallbox steht Dir jederzeit mit zwei Anschl\u00fcssen zum Laden zur Verf\u00fcgung, f\u00fcr PKW und Bike<\/li>\n<li><strong>M\u00fclltrennung f\u00fcr Recycling<\/strong><br \/>\nSowohl in den Wohnungen als auch im Carport stehen getrennte Beh\u00e4lter f\u00fcr Plastik, Papier, Bio- und Restm\u00fcll bereit<\/li>\n<li><strong>Smartes Energiesparen<\/strong><br \/>\nWir arbeiten \u00fcberall in den H\u00e4usern mit energiesparender LED-Lichttechnik und allgemeine Wege sind mit Bewegungsmeldern versehen, damit kein Licht l\u00e4nger als n\u00f6tig brennt. Das \u00d6ffnen von Fenstern hat eine automatische Abschaltung der Heizung zur Folge.<\/li>\n<li><strong>Smartes Wassersparen<\/strong><br \/>\nWassersparende Toilettensp\u00fclungen sind hier seit eh und je verbaut. Die Duschen sind gro\u00df und modern, haben aber keinen \u00fcberdimensionalen Wasserdurchlauf. Garten und Schwimmteich werden mit gro\u00dfen Zisternen aus Regenwasser versorgt.<\/li>\n<li><strong>Wiederbef\u00fcllbare Kosmetik<\/strong><br \/>\nBei Duschgel und Seife experimentieren wir immer wieder mal mit verschiedenen, umweltfreundlichen Produkten, um kleine Einweg-Plastikflaschen zu vermeiden.<\/li>\n<li><strong>Sodastreamer<\/strong> zum Aufsprudeln von Leitungswasser stehen in allen Wohnungen bereit<\/li>\n<li><strong>\u00d6kologisches Reinigen und Waschen<\/strong><br \/>\nMit unserem \u00f6kologischen Putzmittel k\u00f6nnen wir nach der Arbeit mit dem Putzwasser die Pflanzen d\u00fcngen, kein Witz! Wir verwenden auch Desinfektionsmittel, aber nur da, wo sie wirklich n\u00f6tig sind. Und dann nur so, dass sie nicht die empfindlichen Bakterien in unserer eigenen Kl\u00e4ranlage sch\u00e4digen. Damit die weiterhin ihre Arbeit tun k\u00f6nnen f\u00fcr sauberes Abwasser aus unserer Ferienanlage.<\/li>\n<li><strong>Regionale Produkte<\/strong><br \/>\nBeim Packen Deiner Begr\u00fc\u00dfungsbox bevorzugen wir regionale Anbieter, kaufen in gro\u00dfen Gebinden ein und verteilen in kleinen, wiederverwendbaren Beh\u00e4ltnissen, um Verpackung zu vermeiden und um m\u00f6glichst keine Lebensmittel zu verschwenden. Vor Ort bekommst Du den einen oder andern Tipp f\u00fcr besondere, regionale Leckereien und f\u00fcr regionale Partner, mit denen wir gerne zusammen arbeiten. Die Fr\u00fchst\u00fccksbr\u00f6tchen h\u00e4ngen morgens in der wiederverwendbaren Stofftasche an Deiner Wohnungst\u00fcre<\/li>\n<li><strong>Regionale K\u00fcnstler<\/strong> bekommen bei uns immer wieder ein Podium, sei es f\u00fcr Kunstausstellungen oder kleine Sessions<\/li>\n<li><strong>Und es kommen immer wieder neue, umweltfreundliche L\u00f6sungen dazu!<\/strong><\/li>\n<\/ul>\n<p>Nachhaltig leben und arbeiten, das war uns als Schreinerfamilie mit inzwischen drei erwachsenen Kindern und einem ersten Enkelkind tats\u00e4chlich immer schon eine Herzensangelegenheit, nicht erst, seitdem Klimakrise und steigende Energiepreise diskutiert werden.<br \/>\nZugegeben, als absolute Fans f\u00fcr englische Oldtimer k\u00f6nnen auch wir manchmal nicht der Versuchung widerstehen, dem sch\u00f6nen Klang der alten Motoren zu lauschen. Aber im Alltag, hier auf dem Dorf, wo der \u00d6PNV nicht ankommt, sind bei uns im Haushalt schon seit einigen Jahren Elektromobile eingezogen.<br \/>\nUnd ja, ganz ehrlich, wir sind durchaus ein wenig stolz auf unsere Ferienh\u00e4user hier mitten im Naturpark Ha\u00dfberge. Darauf, dass wir schon so vielen begeisterten G\u00e4sten so eine tolle Zeit bieten durften und weiterhin bieten d\u00fcrfen. Und darauf, dass wir mit unserer Arbeit diese f\u00fcr viele noch so unbekannte Region st\u00e4rken und f\u00f6rdern k\u00f6nnen.<\/p>\n<p>Wenn Du zu uns kommst, bist Du also auf einem guten Weg, um Deine kostbarste Zeit des Jahres mit gutem Gewissen voll auszukosten und neue Kraft zu tanken f\u00fcr all das, was Dich im Alltag fordert.<\/p>\n<p>Wir freuen uns auf Dich!<\/p>\n<\/div>\n<\/div><\/div><\/div><\/div><\/div><\/div>","protected":false},"excerpt":{"rendered":"<p>Das bin ich, Deine Gastgeberin Silvia vom UFO47 und Brauhaus 3, mit meinem Mann Thomas. Wir m\u00f6chten Dir als Gast die M\u00f6glichkeit bieten, mit gutem Gewissen in unseren Ferienh\u00e4usern zu verweilen und Deine kostbare Freizeit mit maximalem Komfort bei minimaler<\/p>\n","protected":false},"author":1,"featured_media":0,"parent":0,"menu_order":0,"comment_status":"closed","ping_status":"closed","template":"","meta":{"ngg_post_thumbnail":0,"footnotes":""},"class_list":["post-1197","page","type-page","status-publish","hentry"],"_links":{"self":[{"href":"https:\/\/brauhaus3.de\/en\/wp-json\/wp\/v2\/pages\/1197","targetHints":{"allow":["GET"]}}],"collection":[{"href":"https:\/\/brauhaus3.de\/en\/wp-json\/wp\/v2\/pages"}],"about":[{"href":"https:\/\/brauhaus3.de\/en\/wp-json\/wp\/v2\/types\/page"}],"author":[{"embeddable":true,"href":"https:\/\/brauhaus3.de\/en\/wp-json\/wp\/v2\/users\/1"}],"replies":[{"embeddable":true,"href":"https:\/\/brauhaus3.de\/en\/wp-json\/wp\/v2\/comments?post=1197"}],"version-history":[{"count":8,"href":"https:\/\/brauhaus3.de\/en\/wp-json\/wp\/v2\/pages\/1197\/revisions"}],"predecessor-version":[{"id":1229,"href":"https:\/\/brauhaus3.de\/en\/wp-json\/wp\/v2\/pages\/1197\/revisions\/1229"}],"wp:attachment":[{"href":"https:\/\/brauhaus3.de\/en\/wp-json\/wp\/v2\/media?parent=1197"}],"curies":[{"name":"wp","href":"https:\/\/api.w.org\/{rel}","templated":true}]}}